{"id":320,"date":"2022-04-17T23:45:17","date_gmt":"2022-04-17T23:45:17","guid":{"rendered":"http:\/\/islabonitartesanos.es\/?post_type=product&#038;p=320"},"modified":"2022-04-18T11:15:43","modified_gmt":"2022-04-18T11:15:43","slug":"mermelada-de-tuno-y-miel","status":"publish","type":"product","link":"https:\/\/islabonitartesanos.es\/index.php\/producto\/mermelada-de-tuno-y-miel\/","title":{"rendered":"Mermelada de Tuno y Miel"},"content":{"rendered":"<p><strong>Mermelada de Tuno y Miel<br \/>\n<\/strong><\/p>\n<p><span class=\"s1\">El tuno indio es un alimento con m\u00faltiples propiedades diur\u00e9ticas y depurativas, tiene un alto valor nutritivo y es un poderoso antioxidante, y en la miel l<\/span>os minerales m\u00e1s frecuentes son calcio, cobre, hierro, magnesio, manganeso, zinc, f\u00f3sforo y potasio, est\u00e1n presentes tambi\u00e9n alrededor de la mitad de los amino\u00e1cidos existentes, \u00e1cidos org\u00e1nicos (\u00e1cido ac\u00e9tico, \u00e1cido c\u00edtrico, entre otros) y vitaminas del complejo B, vitamina C, D y E. Posee tambi\u00e9n una variedad considerable de antioxidantes (flavonoides y fen\u00f3licos).<\/p>\n<p>Nuestras mermeladas est\u00e1n elaboradas de manera 100% artesanal, sin conservantes, ni colorantes, con una cuidadosa selecci\u00f3n de la mejor fruta de Canarias. Tienen un alto contenido en fruta fresca en una proporci\u00f3n de 75 grs. por cada 100 grs. siendo as\u00ed mermeladas calidad extra con todo el sabor y nutrientes.<\/p>\n<p>Botes de 99g y 250g<\/p>\n<div class=\"notranslate\" style=\"all: initial;\"><\/div>\n","protected":false},"excerpt":{"rendered":"<p>Botes de 99g y 250g<\/p>\n<p>Una elaboraci\u00f3n artesanal 100%, sin colorantes, ni conservantes.<\/p>\n","protected":false},"featured_media":236,"template":"","meta":{"neve_meta_sidebar":"full-width","neve_meta_container":"","neve_meta_enable_content_width":"off","neve_meta_content_width":100,"neve_meta_title_alignment":"","neve_meta_author_avatar":"","neve_post_elements_order":"","neve_meta_disable_header":"","neve_meta_disable_footer":"","neve_meta_disable_title":"","neve_meta_reading_time":""},"product_cat":[16],"product_tag":[],"class_list":["post-320","product","type-product","status-publish","has-post-thumbnail","hentry","product_cat-mermeladas"],"_links":{"self":[{"href":"https:\/\/islabonitartesanos.es\/index.php\/wp-json\/wp\/v2\/product\/320","targetHints":{"allow":["GET"]}}],"collection":[{"href":"https:\/\/islabonitartesanos.es\/index.php\/wp-json\/wp\/v2\/product"}],"about":[{"href":"https:\/\/islabonitartesanos.es\/index.php\/wp-json\/wp\/v2\/types\/product"}],"wp:featuredmedia":[{"embeddable":true,"href":"https:\/\/islabonitartesanos.es\/index.php\/wp-json\/wp\/v2\/media\/236"}],"wp:attachment":[{"href":"https:\/\/islabonitartesanos.es\/index.php\/wp-json\/wp\/v2\/media?parent=320"}],"wp:term":[{"taxonomy":"product_cat","embeddable":true,"href":"https:\/\/islabonitartesanos.es\/index.php\/wp-json\/wp\/v2\/product_cat?post=320"},{"taxonomy":"product_tag","embeddable":true,"href":"https:\/\/islabonitartesanos.es\/index.php\/wp-json\/wp\/v2\/product_tag?post=320"}],"curies":[{"name":"wp","href":"https:\/\/api.w.org\/{rel}","templated":true}]}}