{"id":318,"date":"2022-04-17T23:34:01","date_gmt":"2022-04-17T23:34:01","guid":{"rendered":"http:\/\/islabonitartesanos.es\/?post_type=product&#038;p=318"},"modified":"2022-04-18T11:16:28","modified_gmt":"2022-04-18T11:16:28","slug":"mermelada-de-tomate-canela","status":"publish","type":"product","link":"https:\/\/islabonitartesanos.es\/index.php\/producto\/mermelada-de-tomate-canela\/","title":{"rendered":"Mermelada de Tomate y Canela"},"content":{"rendered":"<p><strong>Mermelada de Tomate y Canela<br \/>\n<\/strong><\/p>\n<p>El tomate es una buena fuente de Vitamina A, C, K, \u00e1cido f\u00f3lico y potasio, <span class=\"s1\">tambi\u00e9n es fuente de Tiamina, Niacina, Vitamina B6, Magnesio, F\u00f3sforo y Cobre<\/span>. Adem\u00e1s c<span class=\"s1\">onfiere protecci\u00f3n frente a problemas de tensi\u00f3n arterial, colesterol alto y enfermedades cardiovasculares. La canela es una especia arom\u00e1tica muy conocida por sus propiedades medicinales, caracteriz\u00e1ndose por ser antiinflamatoria, antioxidante, antimicrobiana, antif\u00fangica y anticancer\u00edgena.<\/span><\/p>\n<p>Nuestras mermeladas est\u00e1n elaboradas de manera 100% artesanal, sin conservantes, ni colorantes, con una cuidadosa selecci\u00f3n de la mejor fruta de Canarias. Tienen un alto contenido en fruta fresca en una proporci\u00f3n de 75 grs. por cada 100 grs. siendo as\u00ed mermeladas calidad extra con todo el sabor y nutrientes.<\/p>\n<p>Botes de 99g y 250g<\/p>\n","protected":false},"excerpt":{"rendered":"<p>Botes de 99g y 250g<\/p>\n<p>Una elaboraci\u00f3n artesanal 100%, sin colorantes, ni conservantes.<\/p>\n","protected":false},"featured_media":229,"template":"","meta":{"neve_meta_sidebar":"full-width","neve_meta_container":"","neve_meta_enable_content_width":"off","neve_meta_content_width":100,"neve_meta_title_alignment":"","neve_meta_author_avatar":"","neve_post_elements_order":"","neve_meta_disable_header":"","neve_meta_disable_footer":"","neve_meta_disable_title":"","neve_meta_reading_time":""},"product_cat":[16],"product_tag":[],"class_list":["post-318","product","type-product","status-publish","has-post-thumbnail","hentry","product_cat-mermeladas"],"_links":{"self":[{"href":"https:\/\/islabonitartesanos.es\/index.php\/wp-json\/wp\/v2\/product\/318","targetHints":{"allow":["GET"]}}],"collection":[{"href":"https:\/\/islabonitartesanos.es\/index.php\/wp-json\/wp\/v2\/product"}],"about":[{"href":"https:\/\/islabonitartesanos.es\/index.php\/wp-json\/wp\/v2\/types\/product"}],"wp:featuredmedia":[{"embeddable":true,"href":"https:\/\/islabonitartesanos.es\/index.php\/wp-json\/wp\/v2\/media\/229"}],"wp:attachment":[{"href":"https:\/\/islabonitartesanos.es\/index.php\/wp-json\/wp\/v2\/media?parent=318"}],"wp:term":[{"taxonomy":"product_cat","embeddable":true,"href":"https:\/\/islabonitartesanos.es\/index.php\/wp-json\/wp\/v2\/product_cat?post=318"},{"taxonomy":"product_tag","embeddable":true,"href":"https:\/\/islabonitartesanos.es\/index.php\/wp-json\/wp\/v2\/product_tag?post=318"}],"curies":[{"name":"wp","href":"https:\/\/api.w.org\/{rel}","templated":true}]}}