{"id":314,"date":"2022-04-17T23:10:18","date_gmt":"2022-04-17T23:10:18","guid":{"rendered":"http:\/\/islabonitartesanos.es\/?post_type=product&#038;p=314"},"modified":"2022-04-18T11:18:39","modified_gmt":"2022-04-18T11:18:39","slug":"mermelada-de-aloe","status":"publish","type":"product","link":"https:\/\/islabonitartesanos.es\/index.php\/producto\/mermelada-de-aloe\/","title":{"rendered":"Mermelada de Aloe Vera"},"content":{"rendered":"<p><strong>Mermelada de Aloe Vera<br \/>\n<\/strong><\/p>\n<p>Entre los companentes del Aloe Vera se encuentran <strong>vitaminas, amino\u00e1cidos, minerales<\/strong> (como el calcio, el cobre, el selenio o el zinc, entre otros), \u00e1cidos grasos, enzimas y polisac\u00e1ridos. Alto contenido en Carricina, que ayuda a reforzar el sistema inmunitario.<\/p>\n<p>Nuestras mermeladas est\u00e1n elaboradas de manera 100% artesanal, sin conservantes, ni colorantes, con una cuidadosa selecci\u00f3n de la mejor fruta de Canarias. Tienen un alto contenido en fruta fresca en una proporci\u00f3n de 75 grs. por cada 100 grs. siendo as\u00ed mermeladas calidad extra con todo el sabor y nutrientes.<\/p>\n<p>Botes de 99g y 250g<\/p>\n","protected":false},"excerpt":{"rendered":"<p>Botes de 99g y 250g<\/p>\n<p>Una elaboraci\u00f3n artesanal 100%, sin colorantes, ni conservantes.<\/p>\n","protected":false},"featured_media":261,"template":"","meta":{"neve_meta_sidebar":"full-width","neve_meta_container":"","neve_meta_enable_content_width":"off","neve_meta_content_width":100,"neve_meta_title_alignment":"","neve_meta_author_avatar":"","neve_post_elements_order":"","neve_meta_disable_header":"","neve_meta_disable_footer":"","neve_meta_disable_title":"","neve_meta_reading_time":""},"product_cat":[16],"product_tag":[],"class_list":["post-314","product","type-product","status-publish","has-post-thumbnail","hentry","product_cat-mermeladas"],"_links":{"self":[{"href":"https:\/\/islabonitartesanos.es\/index.php\/wp-json\/wp\/v2\/product\/314","targetHints":{"allow":["GET"]}}],"collection":[{"href":"https:\/\/islabonitartesanos.es\/index.php\/wp-json\/wp\/v2\/product"}],"about":[{"href":"https:\/\/islabonitartesanos.es\/index.php\/wp-json\/wp\/v2\/types\/product"}],"wp:featuredmedia":[{"embeddable":true,"href":"https:\/\/islabonitartesanos.es\/index.php\/wp-json\/wp\/v2\/media\/261"}],"wp:attachment":[{"href":"https:\/\/islabonitartesanos.es\/index.php\/wp-json\/wp\/v2\/media?parent=314"}],"wp:term":[{"taxonomy":"product_cat","embeddable":true,"href":"https:\/\/islabonitartesanos.es\/index.php\/wp-json\/wp\/v2\/product_cat?post=314"},{"taxonomy":"product_tag","embeddable":true,"href":"https:\/\/islabonitartesanos.es\/index.php\/wp-json\/wp\/v2\/product_tag?post=314"}],"curies":[{"name":"wp","href":"https:\/\/api.w.org\/{rel}","templated":true}]}}