{"id":310,"date":"2022-04-17T22:55:58","date_gmt":"2022-04-17T22:55:58","guid":{"rendered":"http:\/\/islabonitartesanos.es\/?post_type=product&#038;p=310"},"modified":"2022-04-18T11:19:51","modified_gmt":"2022-04-18T11:19:51","slug":"mermelada-de-mango-sin-azucar","status":"publish","type":"product","link":"https:\/\/islabonitartesanos.es\/index.php\/producto\/mermelada-de-mango-sin-azucar\/","title":{"rendered":"Mermelada de Mango 100% (sin az\u00facar)"},"content":{"rendered":"<p><strong>Mermelada de Mango 100% fruta (sin az\u00facar)<br \/>\n<\/strong><\/p>\n<p>El mango destaca por el conjunto de nutrientes y sustancias antioxidantes que se hallan en su composici\u00f3n. Aporta vitamina C, vitamina A y vitamina E, uno de los antioxidantes y protectores cardiacos m\u00e1s eficaces. En cuanto a su contenido mineral, destacan las proporciones de magnesio y potasio. La peculiar composici\u00f3n del mango previene las enfermedades degenerativas, especialmente los trastornos cardiacos, el c\u00e1ncer y la diabetes.<\/p>\n<p>Nuestras mermeladas est\u00e1n elaboradas de manera 100% artesanal, sin conservantes, ni colorantes, con una cuidadosa selecci\u00f3n de la mejor fruta de Canarias.<\/p>\n<p>Botes de 99g y 250g<\/p>\n","protected":false},"excerpt":{"rendered":"<p>Botes de 99g y 250g<\/p>\n<p>Una elaboraci\u00f3n artesanal 100%, sin colorantes, ni conservantes.<\/p>\n","protected":false},"featured_media":269,"template":"","meta":{"neve_meta_sidebar":"full-width","neve_meta_container":"","neve_meta_enable_content_width":"off","neve_meta_content_width":100,"neve_meta_title_alignment":"","neve_meta_author_avatar":"","neve_post_elements_order":"","neve_meta_disable_header":"","neve_meta_disable_footer":"","neve_meta_disable_title":"","neve_meta_reading_time":""},"product_cat":[16],"product_tag":[],"class_list":["post-310","product","type-product","status-publish","has-post-thumbnail","hentry","product_cat-mermeladas"],"_links":{"self":[{"href":"https:\/\/islabonitartesanos.es\/index.php\/wp-json\/wp\/v2\/product\/310","targetHints":{"allow":["GET"]}}],"collection":[{"href":"https:\/\/islabonitartesanos.es\/index.php\/wp-json\/wp\/v2\/product"}],"about":[{"href":"https:\/\/islabonitartesanos.es\/index.php\/wp-json\/wp\/v2\/types\/product"}],"wp:featuredmedia":[{"embeddable":true,"href":"https:\/\/islabonitartesanos.es\/index.php\/wp-json\/wp\/v2\/media\/269"}],"wp:attachment":[{"href":"https:\/\/islabonitartesanos.es\/index.php\/wp-json\/wp\/v2\/media?parent=310"}],"wp:term":[{"taxonomy":"product_cat","embeddable":true,"href":"https:\/\/islabonitartesanos.es\/index.php\/wp-json\/wp\/v2\/product_cat?post=310"},{"taxonomy":"product_tag","embeddable":true,"href":"https:\/\/islabonitartesanos.es\/index.php\/wp-json\/wp\/v2\/product_tag?post=310"}],"curies":[{"name":"wp","href":"https:\/\/api.w.org\/{rel}","templated":true}]}}