{"id":309,"date":"2022-04-17T22:51:19","date_gmt":"2022-04-17T22:51:19","guid":{"rendered":"http:\/\/islabonitartesanos.es\/?post_type=product&#038;p=309"},"modified":"2022-04-18T11:20:09","modified_gmt":"2022-04-18T11:20:09","slug":"mermelada-de-fresa","status":"publish","type":"product","link":"https:\/\/islabonitartesanos.es\/index.php\/producto\/mermelada-de-fresa\/","title":{"rendered":"Mermelada de Fresa"},"content":{"rendered":"<p><strong>Mermelada de Fresa<br \/>\n<\/strong><\/p>\n<p>Las fresas poseen una notable riqueza mineral, especialmente de <strong>hierro y magnesio<\/strong>. Tambi\u00e9n aporta <strong>potasio, calcio, f\u00f3sforo, manganeso, cobre y silicio<\/strong>, por lo que es un alimento muy indicado en curas de remineralizaci\u00f3n y en el tratamiento de d\u00e9ficits nutricionales. Esta fruta resulta asimismo una excelente fuente de <strong>vitaminas C, K, \u00e1cido f\u00f3lico<\/strong> y cantidades notables de <strong>vitaminas del grupo B<\/strong>.\u00a0<strong><br \/>\n<\/strong><\/p>\n<p>Nuestras mermeladas est\u00e1n elaboradas de manera 100% artesanal, sin conservantes, ni colorantes, con una cuidadosa selecci\u00f3n de la mejor fruta de Canarias. Tienen un alto contenido en fruta fresca en una proporci\u00f3n de 75 grs. por cada 100 grs. siendo as\u00ed mermeladas calidad extra con todo el sabor y nutrientes.<\/p>\n<p>Botes de 99g y 250g<\/p>\n","protected":false},"excerpt":{"rendered":"<p>Botes de 99g y 250g<\/p>\n<p>Una elaboraci\u00f3n artesanal 100%, sin colorantes, ni conservantes.<\/p>\n","protected":false},"featured_media":270,"template":"","meta":{"neve_meta_sidebar":"full-width","neve_meta_container":"","neve_meta_enable_content_width":"off","neve_meta_content_width":100,"neve_meta_title_alignment":"","neve_meta_author_avatar":"","neve_post_elements_order":"","neve_meta_disable_header":"","neve_meta_disable_footer":"","neve_meta_disable_title":"","neve_meta_reading_time":""},"product_cat":[16],"product_tag":[],"class_list":["post-309","product","type-product","status-publish","has-post-thumbnail","hentry","product_cat-mermeladas"],"_links":{"self":[{"href":"https:\/\/islabonitartesanos.es\/index.php\/wp-json\/wp\/v2\/product\/309","targetHints":{"allow":["GET"]}}],"collection":[{"href":"https:\/\/islabonitartesanos.es\/index.php\/wp-json\/wp\/v2\/product"}],"about":[{"href":"https:\/\/islabonitartesanos.es\/index.php\/wp-json\/wp\/v2\/types\/product"}],"wp:featuredmedia":[{"embeddable":true,"href":"https:\/\/islabonitartesanos.es\/index.php\/wp-json\/wp\/v2\/media\/270"}],"wp:attachment":[{"href":"https:\/\/islabonitartesanos.es\/index.php\/wp-json\/wp\/v2\/media?parent=309"}],"wp:term":[{"taxonomy":"product_cat","embeddable":true,"href":"https:\/\/islabonitartesanos.es\/index.php\/wp-json\/wp\/v2\/product_cat?post=309"},{"taxonomy":"product_tag","embeddable":true,"href":"https:\/\/islabonitartesanos.es\/index.php\/wp-json\/wp\/v2\/product_tag?post=309"}],"curies":[{"name":"wp","href":"https:\/\/api.w.org\/{rel}","templated":true}]}}